{"id":118,"date":"2013-04-23T08:27:13","date_gmt":"2013-04-23T08:27:13","guid":{"rendered":"http:\/\/roebel.dk\/~roebel\/?page_id=118"},"modified":"2013-04-25T10:33:14","modified_gmt":"2013-04-25T08:33:14","slug":"kvinder","status":"publish","type":"page","link":"https:\/\/www.roebel.dk\/?page_id=118","title":{"rendered":"Kvinder"},"content":{"rendered":"<p>Kvinderne har i tidens l\u00f8b kommet med mange udtalelser p\u00e5 mandens bekostning &#8211; Her finder du en oversigt over de d\u00e5rligste :o))))<\/p>\n<p>&#8220;Hvis man vil g\u00f8re lykke hos m\u00e6nd, skal man blot behandle dem som fire-\u00e5rige, der har f\u00e5et en splint i storet\u00e5en.&#8221; Madame de Pompadour<\/p>\n<p>&#8220;Det er ikke m\u00e6ndene i mit liv der t\u00e6ller, men livet i mine m\u00e6nd.&#8221; Mae West<\/p>\n<p>&#8220;Jo mere jeg l\u00e6rer m\u00e6nd at kende, desto mere holder jeg af hunde.&#8221; Madame de Sta\u00e9l<\/p>\n<p>&#8220;Jeg t\u00e6nker altid: jo st\u00f8rre skrivebordet er, desto mindre er manden.&#8221; Ann Ford<\/p>\n<p>&#8220;Mandens fantasi er kvindens bedste v\u00e5ben.&#8221; Sophia Loren<\/p>\n<p>&#8220;Forskellen mellem en dreng og en mand er slet ikke s\u00e5 stor: den best\u00e5r blot af prisdifferencen mellem deres leget\u00f8j.&#8221; Cynthia Warren<\/p>\n<p>&#8220;Komisk &#8211; enhver mand vil gerne v\u00e6re den f\u00f8rste hos en kvinde, men ingen den sidste.&#8221; Zsa Zsa Gabor<\/p>\n<p>&#8220;Giv en mand en varm fjederseng, god mad og af og til noget at drikke, og lad ham s\u00e5 kun tale om sig selv og hans sager. Han vil elske dig for evigt.&#8221; Ruth Serrels<\/p>\n<p>&#8220;N\u00e5r en mand h\u00f8fligt \u00e5bner bild\u00f8ren for en kvinde, s\u00e5 er enten bilen eller kvinden ny.&#8221; Uschi Glas<\/p>\n<p>&#8220;Det hele vil blive meget lettere, hvis du som svigermor beundrer din svigers\u00f8n.&#8221; Teit Ritzau<\/p>\n<p>&#8220;M\u00e6nd er som t\u00e6ndstikker &#8211; f\u00f8rst flammer de op og derefter taber de hovedet.&#8221; Brigitte Bardot<\/p>\n<p>&#8220;Hvorfor betragter m\u00e6nd mig altid som en m\u00f8nstringskommission for deres mandighed.&#8221; Raquel Welch<\/p>\n<p>&#8220;Kvinder \u00f8nsker middelm\u00e5dige m\u00e6nd, og m\u00e6nd arbejder h\u00e5rdt for at blive s\u00e5 middelm\u00e5dige som muligt.&#8221; Margaret Mead<\/p>\n<p>&#8220;Den ideelle \u00e6gtemand er et ubekr\u00e6ftet rygte.&#8221; Brigitte Bardot<\/p>\n<p>&#8220;Kvinderne g\u00f8r sig kun p\u00e6ne, fordi mandens \u00f8jne er bedre udviklet end hans forstand.&#8221; Doris Day<\/p>\n<p>&#8220;Mange m\u00e6nd er som luftballoner: opbl\u00e6ste og \u00f8mfindtlige over for de mindste stik.&#8221; Beate Hasenau<\/p>\n<p>&#8220;Gud skabte manden f\u00f8r kvinden. Det er ligesom n\u00e5r jeg skriver. F\u00f8rst laver jeg en kladde.&#8221; Karen Blixen<\/p>\n<p>&nbsp;<\/p>\n","protected":false},"excerpt":{"rendered":"<p>Kvinderne har i tidens l\u00f8b kommet med mange udtalelser p\u00e5 mandens bekostning &#8211; Her finder du en oversigt over de d\u00e5rligste :o)))) &#8220;Hvis man vil g\u00f8re lykke hos m\u00e6nd, skal man blot behandle dem som fire-\u00e5rige, der har f\u00e5et en &hellip;<\/p>\n<p class=\"read-more\"> <a class=\"more-link\" href=\"https:\/\/www.roebel.dk\/?page_id=118\"> <span class=\"screen-reader-text\">Kvinder<\/span> Read More &raquo;<\/a><\/p>\n","protected":false},"author":1,"featured_media":0,"parent":27,"menu_order":2,"comment_status":"open","ping_status":"open","template":"","meta":{"footnotes":""},"class_list":["post-118","page","type-page","status-publish","hentry"],"_links":{"self":[{"href":"https:\/\/www.roebel.dk\/index.php?rest_route=\/wp\/v2\/pages\/118","targetHints":{"allow":["GET"]}}],"collection":[{"href":"https:\/\/www.roebel.dk\/index.php?rest_route=\/wp\/v2\/pages"}],"about":[{"href":"https:\/\/www.roebel.dk\/index.php?rest_route=\/wp\/v2\/types\/page"}],"author":[{"embeddable":true,"href":"https:\/\/www.roebel.dk\/index.php?rest_route=\/wp\/v2\/users\/1"}],"replies":[{"embeddable":true,"href":"https:\/\/www.roebel.dk\/index.php?rest_route=%2Fwp%2Fv2%2Fcomments&post=118"}],"version-history":[{"count":3,"href":"https:\/\/www.roebel.dk\/index.php?rest_route=\/wp\/v2\/pages\/118\/revisions"}],"predecessor-version":[{"id":192,"href":"https:\/\/www.roebel.dk\/index.php?rest_route=\/wp\/v2\/pages\/118\/revisions\/192"}],"up":[{"embeddable":true,"href":"https:\/\/www.roebel.dk\/index.php?rest_route=\/wp\/v2\/pages\/27"}],"wp:attachment":[{"href":"https:\/\/www.roebel.dk\/index.php?rest_route=%2Fwp%2Fv2%2Fmedia&parent=118"}],"curies":[{"name":"wp","href":"https:\/\/api.w.org\/{rel}","templated":true}]}}