{"id":120,"date":"2013-04-23T08:28:18","date_gmt":"2013-04-23T08:28:18","guid":{"rendered":"http:\/\/roebel.dk\/~roebel\/?page_id=120"},"modified":"2013-04-25T10:50:48","modified_gmt":"2013-04-25T08:50:48","slug":"politik","status":"publish","type":"page","link":"https:\/\/www.roebel.dk\/?page_id=120","title":{"rendered":"Politik"},"content":{"rendered":"<p>Er det os &#8211; dig og mig &#8211; eller politikerne, som er naive?!?<\/p>\n<p>&#8220;De Gaulles tid er forbi, og vejen tilbage til ubem\u00e6ketheden \u00e5bner sig bred og bydende for ham&#8221; H.G. Wells &#8211; 1944<\/p>\n<p>&#8220;Det er temmelig indlysende, at intet civiliceret folk nogensinde mere vil lade sin regering deltage i et v\u00e5benkapl\u00f8b&#8221; Nicholas M. Butler &#8211; universitetsrektor, 1914<\/p>\n<p>&#8220;Hitler blev til sidst l\u00f8sladt&#8230;for derefter at forsvinde i glemselens t\u00e5ger&#8221; M.A. Gerotwohl &#8211; professor, 1929<\/p>\n<p>&#8220;Min onkel er en fredelig mand. Han mener, at krig ikke er umagen v\u00e6rd&#8221; Willie Hitler &#8211; Adolf Hitlers nev\u00f8, 1937<\/p>\n<p>&#8220;I Tyskland m\u00e5 mishandlingen af j\u00f8der siges at v\u00e6re s\u00e5 godt som oph\u00f8rt&#8221; Cordell Hull &#8211; amerikansk udenrigsminister, 1933<\/p>\n<p>&#8220;I min tid vil ingen kvinde opleve at blive premierminister, finansminister eller udenrigsminister. Ingen af de politiske topstillinger vil blive besat af en kvinde. Hvorom alting er, s\u00e5 kunne jeg slet ikke t\u00e6nke mig at blive premierminister &#8211; man er n\u00f8dt til at give sig selv 100%&#8221; Margaret Thatcher &#8211; 1969<\/p>\n<p>&#8220;I det 20. \u00e5rhundrede vil det blive anset for liges\u00e5 afskyeligt at dr\u00e6be et menneske, som vi i dag anser det for afskyeligt at spise et&#8221; Andrew Carnagie &#8211; 1900<\/p>\n<p>&#8220;Munterhed og livsgl\u00e6de er det mest fremtr\u00e6dende tr\u00e6k ved Sovjetunionen&#8221; Josef Stalin &#8211; 1935<\/p>\n<p>&#8220;Kun fjender af Sovjetunionen kan forestille sig KGB som en slags hemmeligt politi&#8221; Jurij Andropov &#8211; 1967<\/p>\n<p>&#8220;N\u00e5r pr\u00e6sidenten g\u00f8r det, er det ensbetydende med, at det ikke er ulovligt&#8221; Richard Nixon &#8211; 1977<\/p>\n<p>&#8220;Oprigtighed er en egenskab, som skinner igennem, selv p\u00e5 fjernsyn&#8221; The Washington Star &#8211; om Richard Nixon, 1955<\/p>\n<p>&#8220;Jeg har ingen politiske ambitioner for mig selv eller mine b\u00f8rn&#8221; Joseph P. Kennedy &#8211; 1936<\/p>\n<p>&#8220;P\u00e5 grund af shahens styrke og storhed er Iran en stabil \u00f8 i Mellem\u00f8sten&#8221; Jimmy Carter &#8211; 1977<\/p>\n<p>Og s\u00e5 lige et par guldkorn fra Ronald Reagans mund:<\/p>\n<p>&#8220;Jeg g\u00e5r helt og holdent ind for borgerretsloven af 1964, og om n\u00f8dvendigt m\u00e5 den gennemf\u00f8res med magt&#8221; &#8211; 1965<\/p>\n<p>\u00a0&#8220;Jeg ville have stemt imod borgerretsloven af 1964&#8221; &#8211; 1968<\/p>\n<p>\u00a0&#8220;Tanken om at blive pr\u00e6sident skr\u00e6mmer mig. Jeg tror ikke, jeg vil have jobbet&#8221; &#8211; 1973<\/p>\n<p>&#8220;Et helt \u00e5rs affald fra et atmomkraftv\u00e6rk kan anbringes under et skrivebord&#8221; (faktum: En almindelig atomreaktor producerer ca. 30 tons affald om \u00e5ret) &#8211; 1980<\/p>\n<p>&nbsp;<\/p>\n","protected":false},"excerpt":{"rendered":"<p>Er det os &#8211; dig og mig &#8211; eller politikerne, som er naive?!? &#8220;De Gaulles tid er forbi, og vejen tilbage til ubem\u00e6ketheden \u00e5bner sig bred og bydende for ham&#8221; H.G. Wells &#8211; 1944 &#8220;Det er temmelig indlysende, at intet &hellip;<\/p>\n<p class=\"read-more\"> <a class=\"more-link\" href=\"https:\/\/www.roebel.dk\/?page_id=120\"> <span class=\"screen-reader-text\">Politik<\/span> Read More &raquo;<\/a><\/p>\n","protected":false},"author":1,"featured_media":0,"parent":27,"menu_order":3,"comment_status":"closed","ping_status":"closed","template":"","meta":{"footnotes":""},"class_list":["post-120","page","type-page","status-publish","hentry"],"_links":{"self":[{"href":"https:\/\/www.roebel.dk\/index.php?rest_route=\/wp\/v2\/pages\/120","targetHints":{"allow":["GET"]}}],"collection":[{"href":"https:\/\/www.roebel.dk\/index.php?rest_route=\/wp\/v2\/pages"}],"about":[{"href":"https:\/\/www.roebel.dk\/index.php?rest_route=\/wp\/v2\/types\/page"}],"author":[{"embeddable":true,"href":"https:\/\/www.roebel.dk\/index.php?rest_route=\/wp\/v2\/users\/1"}],"replies":[{"embeddable":true,"href":"https:\/\/www.roebel.dk\/index.php?rest_route=%2Fwp%2Fv2%2Fcomments&post=120"}],"version-history":[{"count":5,"href":"https:\/\/www.roebel.dk\/index.php?rest_route=\/wp\/v2\/pages\/120\/revisions"}],"predecessor-version":[{"id":194,"href":"https:\/\/www.roebel.dk\/index.php?rest_route=\/wp\/v2\/pages\/120\/revisions\/194"}],"up":[{"embeddable":true,"href":"https:\/\/www.roebel.dk\/index.php?rest_route=\/wp\/v2\/pages\/27"}],"wp:attachment":[{"href":"https:\/\/www.roebel.dk\/index.php?rest_route=%2Fwp%2Fv2%2Fmedia&parent=120"}],"curies":[{"name":"wp","href":"https:\/\/api.w.org\/{rel}","templated":true}]}}