{"id":125,"date":"2013-04-23T08:30:32","date_gmt":"2013-04-23T08:30:32","guid":{"rendered":"http:\/\/roebel.dk\/~roebel\/?page_id=125"},"modified":"2013-04-25T10:59:00","modified_gmt":"2013-04-25T08:59:00","slug":"videnskab","status":"publish","type":"page","link":"https:\/\/www.roebel.dk\/?page_id=125","title":{"rendered":"Videnskab"},"content":{"rendered":"<p>Selv de meste l\u00e6rte, bel\u00e6ste, begavede mmm. kan dumme sig. Her kan du se nogle af de mest dumme udtalelser, som videnskabens oph\u00f8jede elite har sagt i tidens l\u00f8b.<\/p>\n<p>&#8220;Alt, hvad der kan opfindes, er allerede opfundet&#8221; Charles H. Duell &#8211; kommis\u00e6r, USA&#8217;s patentkontor, 1899<\/p>\n<p>&#8220;Det er det rene sludder, at atomet nogensinde skulle kunne levere energi.&#8221; Lord Ernest Rutherford &#8211; britisk atomfysiker, 1933 Ni \u00e5r senere &#8211; i 1942 &#8211; blev den f\u00f8rste atomreaktor bygget, og i 1956 \u00e5bnede verdens f\u00f8rste civile atomkraftv\u00e6rk.<\/p>\n<p>&#8220;Mandens erektion skyldes overdreven indtagelse af persille, artiskokker, asparges eller skaldyr&#8221; Aristoteles &#8211; gr\u00e6sk filosof og naturforsker, 384-322 f.kr.<\/p>\n<p>&#8220;Luftens kemiske renhed har ingen betydning for menneskets helbred.&#8221; L.E. Hill &#8211; engelsk l\u00e6ge, 1912<\/p>\n<p>&#8220;Hjernen er et organ af mindre betydning. Sj\u00e6len sidder i hjertet, som styrer kroppen.&#8221; Aristoteles &#8211; gr\u00e6sk filosof og naturforsker, 384-322 f.kr.<\/p>\n<p>&#8220;Hjernearbejde vil medf\u00f8re, at den nye kvinde bliver skaldet, mens den \u00f8gede maskulinitet og foragt for sk\u00f8nhed vil medf\u00f8re h\u00e5rv\u00e6kst i ansigtet. I fremtiden vil kvinder derfor v\u00e6re skaldede og g\u00e5 med fuldsk\u00e6g&#8221; Hans Friedenthal &#8211; professor, 1914<\/p>\n<p>&#8220;Louis Pasteurs teori om bakterier er latterligt opspind. Hvordan kan man forestille sig, at disse mikroorganismer i luften skulle v\u00e6re talrige nok til at udvikle sig i alle disse organiske v\u00e6sker? Var det tilf\u00e6ldet, ville der v\u00e6re s\u00e5 mange, at de dannede en t\u00e5ge s\u00e5 t\u00e6t som jern&#8221; Pierre Pochet &#8211; fysiologiprofessor, 1872<\/p>\n<p>&#8220;Et oprigtigt kys fremkalder s\u00e5 megen varme, at det \u00f8del\u00e6gger alle bakterier&#8221; S.L. Katzoff &#8211; doktor, 1940<\/p>\n<p>&#8220;Rygning har en gavnlig virkning for de fleste mennesker&#8221; Ian G. Macdonald &#8211; doktor, 1963<\/p>\n<p>&#8220;Fords ingeni\u00f8rer er fuldt ud opm\u00e6rksomme p\u00e5, at automobilmotorer frembringer udst\u00f8dningsgasser, men er samtidig overbeviste om, at disse affaldsgasser hurtigt opl\u00f8ses i atmosf\u00e6ren og ikke udg\u00f8r noget forureningsproblem&#8221; Dan J. Chobek &#8211; officiel talsmand for Fords ingeni\u00f8rer, 1953<\/p>\n<p>&#8220;Dyr, der bev\u00e6ger sig, har lemmer og muskler; jorden har hverken lemmer eller muskler, f\u00f8lgelig bev\u00e6ger den sig ikke&#8221; Scipio Chiaramonti &#8211; professor, 1633<\/p>\n<p>&#8220;Om den gravide kvindes oplevelser p\u00e5virker det uf\u00f8dte barn? Det g\u00f8r de s\u00e5 sandelig. Den fremtr\u00e6dende dr. Naphey har meddelt et tilf\u00e6lde, hvor en gravid kvinde s\u00e5 nogle druer, f\u00f8lte en br\u00e6ndende trang til dem, og konstant t\u00e6nkte p\u00e5 dem. Under svangerskabet blev hun ligeledes angrebet af en kalkunhane, der skr\u00e6mte hende meget. Da tiden var inde, f\u00f8dte hun et barn, som p\u00e5 tungen havde en stor klynge runde svulster, der n\u00f8jagtig lignede en drueklase. Og p\u00e5 barnets bryst sad en r\u00f8d udv\u00e6kst, der n\u00f8jagtig lignede hagelapperne p\u00e5 en kalkun&#8221; Oswald S. Fowler &#8211; professor, 1870<\/p>\n<p>&#8220;Faren ved en atomkrig bliver st\u00e6rkt overdrevet. Det vil g\u00e5 noget ud over lande med en koncentreret befolkning som England, men i USA har vi masser af plads&#8221; R.R. McCormick &#8211; oberst, 1950<\/p>\n<p>&#8220;I 1965 vil den f\u00f8rste zambiske astronaut v\u00e6re p\u00e5 m\u00e5nen. Vi bruger mit eget affyringssystem, som bygger p\u00e5 katapultsystemet. Jeg er ved at akklimatisere mine astronauter til rejsen i rummet ved at anbringe dem i min rumkapsel hver dag. Det er en 150 liters oliet\u00f8nde, som de s\u00e6tter sig i, hvorefter jeg ruller dem nedad en bakke. Det giver dem en fornemmelse af at fare gennem rummet. Jeg lader dem ogs\u00e5 svinge frem og tilbage for enden af et langt reb. N\u00e5r de n\u00e5r det h\u00f8jeste punkt, hugger jeg rebet over &#8211; det giver dem en fornemmelse af frit fald&#8221; Edward Nkoloso &#8211; generaldirekt\u00f8r for det zambiske nationalakademi for rumforskning, 1964<\/p>\n<p>&#8220;Den dreng bliver aldrig til noget&#8221; Jakob Freud &#8211; Sigmund Freuds far, 1864<\/p>\n<p>&nbsp;<\/p>\n","protected":false},"excerpt":{"rendered":"<p>Selv de meste l\u00e6rte, bel\u00e6ste, begavede mmm. kan dumme sig. Her kan du se nogle af de mest dumme udtalelser, som videnskabens oph\u00f8jede elite har sagt i tidens l\u00f8b. &#8220;Alt, hvad der kan opfindes, er allerede opfundet&#8221; Charles H. Duell &hellip;<\/p>\n<p class=\"read-more\"> <a class=\"more-link\" href=\"https:\/\/www.roebel.dk\/?page_id=125\"> <span class=\"screen-reader-text\">Videnskab<\/span> Read More &raquo;<\/a><\/p>\n","protected":false},"author":1,"featured_media":0,"parent":27,"menu_order":5,"comment_status":"closed","ping_status":"closed","template":"","meta":{"footnotes":""},"class_list":["post-125","page","type-page","status-publish","hentry"],"_links":{"self":[{"href":"https:\/\/www.roebel.dk\/index.php?rest_route=\/wp\/v2\/pages\/125","targetHints":{"allow":["GET"]}}],"collection":[{"href":"https:\/\/www.roebel.dk\/index.php?rest_route=\/wp\/v2\/pages"}],"about":[{"href":"https:\/\/www.roebel.dk\/index.php?rest_route=\/wp\/v2\/types\/page"}],"author":[{"embeddable":true,"href":"https:\/\/www.roebel.dk\/index.php?rest_route=\/wp\/v2\/users\/1"}],"replies":[{"embeddable":true,"href":"https:\/\/www.roebel.dk\/index.php?rest_route=%2Fwp%2Fv2%2Fcomments&post=125"}],"version-history":[{"count":3,"href":"https:\/\/www.roebel.dk\/index.php?rest_route=\/wp\/v2\/pages\/125\/revisions"}],"predecessor-version":[{"id":128,"href":"https:\/\/www.roebel.dk\/index.php?rest_route=\/wp\/v2\/pages\/125\/revisions\/128"}],"up":[{"embeddable":true,"href":"https:\/\/www.roebel.dk\/index.php?rest_route=\/wp\/v2\/pages\/27"}],"wp:attachment":[{"href":"https:\/\/www.roebel.dk\/index.php?rest_route=%2Fwp%2Fv2%2Fmedia&parent=125"}],"curies":[{"name":"wp","href":"https:\/\/api.w.org\/{rel}","templated":true}]}}