{"id":148,"date":"2013-04-23T09:34:03","date_gmt":"2013-04-23T09:34:03","guid":{"rendered":"http:\/\/roebel.dk\/~roebel\/?page_id=148"},"modified":"2014-11-20T17:15:13","modified_gmt":"2014-11-20T16:15:13","slug":"genveje","status":"publish","type":"page","link":"https:\/\/www.roebel.dk\/?page_id=148","title":{"rendered":"Genveje"},"content":{"rendered":"<p>Et udvalg af arbitr\u00e6re genveje.<\/p>\n<ul>\n<li><a title=\"Trailer booking\" href=\"http:\/\/roebel.dk\/trailer\">Trailer booking &#8211; book trailer i kalender<\/a><\/li>\n<li><a title=\"Tankel\u00e6ser\" href=\"http:\/\/www.mralmighty.com\/\">Tankel\u00e6ser &#8211; hvordan g\u00f8r de det ?<\/a><\/li>\n<li><a title=\"Roebel Family Application\" href=\"https:\/\/apexea.oracle.com\/pls\/apex\/f?p=10564\" target=\"_blank\">Family App<\/a><\/li>\n<\/ul>\n","protected":false},"excerpt":{"rendered":"<p>Et udvalg af arbitr\u00e6re genveje. Trailer booking &#8211; book trailer i kalender Tankel\u00e6ser &#8211; hvordan g\u00f8r de det ? Family App<\/p>\n","protected":false},"author":1,"featured_media":0,"parent":0,"menu_order":0,"comment_status":"open","ping_status":"closed","template":"","meta":{"footnotes":""},"class_list":["post-148","page","type-page","status-publish","hentry"],"_links":{"self":[{"href":"https:\/\/www.roebel.dk\/index.php?rest_route=\/wp\/v2\/pages\/148","targetHints":{"allow":["GET"]}}],"collection":[{"href":"https:\/\/www.roebel.dk\/index.php?rest_route=\/wp\/v2\/pages"}],"about":[{"href":"https:\/\/www.roebel.dk\/index.php?rest_route=\/wp\/v2\/types\/page"}],"author":[{"embeddable":true,"href":"https:\/\/www.roebel.dk\/index.php?rest_route=\/wp\/v2\/users\/1"}],"replies":[{"embeddable":true,"href":"https:\/\/www.roebel.dk\/index.php?rest_route=%2Fwp%2Fv2%2Fcomments&post=148"}],"version-history":[{"count":5,"href":"https:\/\/www.roebel.dk\/index.php?rest_route=\/wp\/v2\/pages\/148\/revisions"}],"predecessor-version":[{"id":282,"href":"https:\/\/www.roebel.dk\/index.php?rest_route=\/wp\/v2\/pages\/148\/revisions\/282"}],"wp:attachment":[{"href":"https:\/\/www.roebel.dk\/index.php?rest_route=%2Fwp%2Fv2%2Fmedia&parent=148"}],"curies":[{"name":"wp","href":"https:\/\/api.w.org\/{rel}","templated":true}]}}