{"id":31,"date":"2013-04-22T11:56:20","date_gmt":"2013-04-22T11:56:20","guid":{"rendered":"http:\/\/roebel.dk\/~roebel\/?page_id=31"},"modified":"2013-04-22T12:03:14","modified_gmt":"2013-04-22T12:03:14","slug":"w-c-fields","status":"publish","type":"page","link":"https:\/\/www.roebel.dk\/?page_id=31","title":{"rendered":"W.C. Fields"},"content":{"rendered":"<p>Han var kendt som en stor komiker, fusentast, drukkenbolt og ikke mindst b\u00f8rne hader. I l\u00f8bet af hans korte liv (1879-1946) lykkedes det Claude Dukinfield \u2013 bedre kendt som W.C. Fields \u2013 at berige vort univers med en stribe af citater om det der virkelig betyder noget for en mands livskvalitet: <a href=\"http:\/\/roebel.dk\/cms\/index.php?option=com_content&amp;view=article&amp;id=49&amp;Itemid=66#varer\">De v\u00e5de varer<\/a>, <a href=\"http:\/\/roebel.dk\/cms\/index.php?option=com_content&amp;view=article&amp;id=49&amp;Itemid=66#kvinder\">kvinder<\/a> og <a href=\"http:\/\/roebel.dk\/cms\/index.php?option=com_content&amp;view=article&amp;id=49&amp;Itemid=66#boern\">b\u00f8rn<\/a>. Nyd dem her p\u00e5 <strong>TTT<\/strong>:<\/p>\n<p><a name=\"varer\"><\/a><\/p>\n<h3>De v\u00e5de varer<\/h3>\n<ul>\n<li>Jeg har kun v\u00e6ret fuld \u00e9n gang i mit liv. Det varede treogtyve \u00e5r.<\/li>\n<li>Jeg drak aldrig noget st\u00e6rkere end \u00f8l f\u00f8r jeg blev 12!<\/li>\n<li>Enhver kan falde for fristelsen til at stj\u00e6le \u2013 hvis man er t\u00f8rstig nok.<\/li>\n<li>Jeg er i besiddelse af en uhyggelig selvdisciplin. F\u00f8r morgenmaden r\u00f8rer jeg aldrig noget st\u00e6rkere end gin.<\/li>\n<li>Naturligvis drikker jeg ikke altid. Jeg skal jo ogs\u00e5 sove.<\/li>\n<li>Stol aldrig p\u00e5 en mand, der ikke drikker.<\/li>\n<li>Bartender! En kasse til!<\/li>\n<li>Jeg husker en ekspedition til Afghanistan. Vi mistede proptr\u00e6kkeren, og i flere d\u00f8gn var vi tvunget til at leve udelukkende af mad og vand!<\/li>\n<li>I morgen er jeg \u00e6dru, men du vil stadigv\u00e6k v\u00e6re en idiot!<\/li>\n<li>En mand, der drikker lever i en dr\u00f8m. Han tror hele verden drejer sig om ham. Og det g\u00f8r den i reglen ogs\u00e5.<\/li>\n<li>Jo, der skete det, at jeg faldt over en kasse whisky. Og i dagene derp\u00e5 blev jeg ved med at falde.<\/li>\n<li>Jeg har det som om den russiske h\u00e6r har marcheret tv\u00e6rs over min tunge \u2013 p\u00e5 str\u00f8mpesokker!<\/li>\n<li>Hele id\u00e9en bag r\u00e6vejagt er naturligvis at f\u00e5 en undskyldning for at snuppe en lille \u00e9n. Hvad skulle man stille op med r\u00e6ven, hvis man nogensinde fangede den?<\/li>\n<li>De har fundet urin i min alkohol!<\/li>\n<li>Nu for tiden r\u00f8rer jeg ikke noget st\u00e6rkere end k\u00e6rnem\u00e6lk \u2013 45 procents k\u00e6rnem\u00e6lk!<\/li>\n<li>M\u00e6lk, dette hvidlige fluidum man tvinger i forsvarsl\u00f8se sp\u00e6db\u00f8rn!<\/li>\n<li>Min bedste ven d\u00f8de af at drikke for meget vand. Han blev et offer for indre drukning.<\/li>\n<li>Det er usundt at spise p\u00e5 tom mave.<\/li>\n<li>Det var oppe i Nome, Alaska. Jeg var s\u00e5 letsindig at pr\u00f8ve at stange t\u00e6nder med en istap. Istappen smeltede, og jeg var n\u00e6r blevet kvalt.<\/li>\n<li>Jeg kan ikke bestemme mig til, om jeg skal melde mig ind i sejlklubben eller i rideklubben. Man drikker t\u00e6t begge steder, men jeg har ikke r\u00e5d til begge dele.<\/li>\n<\/ul>\n<p><!--mstheme--><!--msthemelist--><!--mstheme--><a name=\"kvinder\"><\/a><\/p>\n<h3>Kvinder<\/h3>\n<ul>\n<li>Jeg elskede engang en smuk blondine. Hun drev mig til druk. Det er det eneste, jeg skylder hende tak for.<\/li>\n<li>Jeg vil hellere have to piger p\u00e5 21, end \u00e9n pige p\u00e5 42.<\/li>\n<li>Du skal ikke bedrive hor \u2013 medmindre du har lyst.<\/li>\n<li>Fors\u00f8g aldrig at g\u00f8re indtryk p\u00e5 en kvinde. For hvis du g\u00f8r det, forventer hun, at du holder den standard resten af livet. Og det er d\u00f8den, Mister!<\/li>\n<li>Nationen har brug for en tilbagevenden til de gode, gamle dage, hvor en kvindes v\u00e6rd blev m\u00e5lt p\u00e5, hvor meget br\u00e6nde hun kunne hugge.<\/li>\n<li>Der kan ikke herske tvivl om, at alle kvinder er gale.<\/li>\n<li>\u00c6gteskabet bygger p\u00e5 gensidighed, men lad aldrig konen vide, at hun er en af siderne.<\/li>\n<li>\u00c6gteskab er bedre end spedalskhed. Det er lettere at slippe af med.<\/li>\n<li>Gift dig med en friluftspige. For hvis du lukker hende ude p\u00e5 balkonen natten over, vil hun stadig kunne overleve.<\/li>\n<\/ul>\n<p><!--mstheme--><!--msthemelist--><!--mstheme--><a name=\"boern\"><\/a><\/p>\n<h3>B\u00f8rn<\/h3>\n<ul>\n<li>\u00c5h, den lyd af sm\u00e5 f\u00f8dder i huset. Der er intet som at have en butler, der er dv\u00e6rg.<\/li>\n<li>Selvf\u00f8lgelig elsker jeg b\u00f8rn. Pigeb\u00f8rn. Omkring 18-19 \u00e5r.<\/li>\n<li>Hvis du holder op med at tude, skal du f\u00e5 lov til at lugte til min \u00e5nde.<\/li>\n<li>G\u00e5 ud og leg i trafikken!<\/li>\n<li>Det er vigtigt for sm\u00e5 drenge at l\u00e6re at t\u00e6lle penge i fire\u00e5rsalderen. Thi da er det p\u00e5 h\u00f8je tid, at de g\u00e5r med aviser. Hvis de er sm\u00e5 af deres alder, kan de jo n\u00f8jes med at s\u00e6lge formiddagsblade.<\/li>\n<li>Der findes ikke seje b\u00f8rn. Hvis man koger dem i syv timer f\u00f8rst, vil de altid blive m\u00f8re.<\/li>\n<li>B\u00f8rn skal hverken ses eller h\u00f8res \u2013 nogensinde.<\/li>\n<li>Pil af med jer, drenge. I tiltr\u00e6kker fluerne!<\/li>\n<li>I unger er afskyelige. St\u00e5r her og h\u00e6nger hele dagen og oser af lakrids og slikkepinde.<\/li>\n<\/ul>\n<p><!--mstheme--><!--msthemelist--><!--mstheme--><\/p>\n<h3>Diverse<\/h3>\n<ul>\n<li>Jeg stemmer aldrig for nogen. Jeg stemmer altid imod.<\/li>\n<li>Undertegnede, W.C. Fields, som er ved mine fulde fem, lover hermed h\u00f8jt og helligt, at jeg i hele det herrens \u00e5r 1932 vil afst\u00e5 fra at spise candy floss.<\/li>\n<li>Alt hvad jeg kan lide er enten ulovligt, umoralsk eller fedende.<\/li>\n<li>Senge er farlige. Der d\u00f8r flere mennesker i sengen end noget andet sted.<\/li>\n<\/ul>\n<p>&nbsp;<\/p>\n","protected":false},"excerpt":{"rendered":"<p>Han var kendt som en stor komiker, fusentast, drukkenbolt og ikke mindst b\u00f8rne hader. I l\u00f8bet af hans korte liv (1879-1946) lykkedes det Claude Dukinfield \u2013 bedre kendt som W.C. Fields \u2013 at berige vort univers med en stribe af &hellip;<\/p>\n<p class=\"read-more\"> <a class=\"more-link\" href=\"https:\/\/www.roebel.dk\/?page_id=31\"> <span class=\"screen-reader-text\">W.C. Fields<\/span> Read More &raquo;<\/a><\/p>\n","protected":false},"author":1,"featured_media":0,"parent":27,"menu_order":0,"comment_status":"closed","ping_status":"closed","template":"full-width-page.php","meta":{"footnotes":""},"class_list":["post-31","page","type-page","status-publish","hentry"],"_links":{"self":[{"href":"https:\/\/www.roebel.dk\/index.php?rest_route=\/wp\/v2\/pages\/31","targetHints":{"allow":["GET"]}}],"collection":[{"href":"https:\/\/www.roebel.dk\/index.php?rest_route=\/wp\/v2\/pages"}],"about":[{"href":"https:\/\/www.roebel.dk\/index.php?rest_route=\/wp\/v2\/types\/page"}],"author":[{"embeddable":true,"href":"https:\/\/www.roebel.dk\/index.php?rest_route=\/wp\/v2\/users\/1"}],"replies":[{"embeddable":true,"href":"https:\/\/www.roebel.dk\/index.php?rest_route=%2Fwp%2Fv2%2Fcomments&post=31"}],"version-history":[{"count":3,"href":"https:\/\/www.roebel.dk\/index.php?rest_route=\/wp\/v2\/pages\/31\/revisions"}],"predecessor-version":[{"id":33,"href":"https:\/\/www.roebel.dk\/index.php?rest_route=\/wp\/v2\/pages\/31\/revisions\/33"}],"up":[{"embeddable":true,"href":"https:\/\/www.roebel.dk\/index.php?rest_route=\/wp\/v2\/pages\/27"}],"wp:attachment":[{"href":"https:\/\/www.roebel.dk\/index.php?rest_route=%2Fwp%2Fv2%2Fmedia&parent=31"}],"curies":[{"name":"wp","href":"https:\/\/api.w.org\/{rel}","templated":true}]}}